{"id":34,"date":"2017-02-17T11:20:33","date_gmt":"2017-02-17T11:20:33","guid":{"rendered":"http:\/\/kg-koblenz.gdpbundespolizeikoblenz.de\/?page_id=34"},"modified":"2020-02-24T10:36:23","modified_gmt":"2020-02-24T09:36:23","slug":"impressum","status":"publish","type":"page","link":"https:\/\/kg-koblenz.gdpbundespolizeikoblenz.de\/?page_id=34","title":{"rendered":"Impressum"},"content":{"rendered":"<div class=\"entry-content\">\n<p class=\"storycontent\"><strong>Gewerkschaft der Polizei<br \/>\nKreisgruppe\u00a0Koblenz<br \/>\n<\/strong>Verantwortlich: Christian Moog<br \/>\n<a href=\"mailto:christian.moog@polizei.bund.de\">christian.moog@polizei.bund.de<\/a><\/p>\n<p class=\"storycontent\"><strong>Betreuung des Internet-Auftrittes:<br \/>\n<\/strong><\/p>\n<p>F\u00fcr den Inhalt der \u00fcber einen Hotlink zu erreichenden Seiten \u00fcbernehmen wir keine Verantwortung.<\/p>\n<p><strong>Urheberrecht und Nachdruckgenehmigung<br \/>\n<\/strong><br \/>\nFalls nicht anders angegeben, unterliegen alle Seiten des Web-Angebotes der Gewerkschaft der Polizei, Bezirk Bundespolizei, insbesondere alle Texte, alle Bilder, Grafiken, Ton-, Video- und Animationsdateien dem Urheberrecht.<\/p>\n<p>Eine Vervielf\u00e4ltigung, Ver\u00f6ffentlichung oder sonstige Verwendung solcher Seiten, oder Teilen davon (d.h. insbesondere aller Texte, aller Bilder, Grafiken, Ton-, Video- und Animationsdateien), in elektronischen oder gedruckten Publikationen, auch im Internet, oder zu unternehmerischen Zwecken ist nur nach vorheriger ausdr\u00fccklicher Zustimmung gestattet.<\/p>\n<p>Das gilt f\u00fcr alle Inhalte unabh\u00e4ngig von Dateiformat und f\u00fcr alle Formen der Verwertung.<\/p>\n<p>Unzul\u00e4ssig ist das automatische oder sonst nicht vom individuellen Interesse an dem jeweiligen Inhalt gepr\u00e4gte Auslesen des Archivs oder anderer Datenbanken dieser Seiten zum Zwecke der Speicherung.<\/p>\n<p>Die Inhalte d\u00fcrfen ohne gesonderte Einwilligung lediglich f\u00fcr den privaten, nicht gewerblichen oder ausschlie\u00dflich GdP-internen Gebrauch abgerufen, heruntergeladen, gespeichert und ausgedruckt werden, wenn alle urheberrechtlichen (z.B. Quellenangaben) und anderen gesch\u00fctzten Hinweise in Bezug auf die Inhalte und die Inhalte selbst unver\u00e4ndert beibehalten werden.<\/p>\n<p>Heruntergeladene, gespeicherte oder ausgedruckte Inhalte d\u00fcrfen ohne ausdr\u00fcckliche Genehmigung der Gewerkschaft der Polizei, Direktionsgruppe Koblenz, nicht verbreitet werden.<\/p>\n<p>Als Quelle ist die Internet-Adresse \u201c<a href=\"http:\/\/kg-koblenz.gdpbundespolizeikoblenz.de\" target=\"_blank\" rel=\"noopener noreferrer\">kg-koblenz.gdpbundespolizeikoblenz.de<\/a><a class=\"smarterwiki-linkify\" href=\"http:\/\/www.gdpbundespolizeikoblenz.xn--de-02t\/\">\u201d<\/a> zu nennen.<\/p>\n<p>Die Urheberrechte verbleiben bei der Gewerkschaft der Polizei, Kreisgruppe Kassel, bzw. bei genannten Dritten<\/p>\n<\/div>\n","protected":false},"excerpt":{"rendered":"<p>Gewerkschaft der Polizei Kreisgruppe\u00a0Koblenz Verantwortlich: Christian Moog christian.moog@polizei.bund.de Betreuung des Internet-Auftrittes: F\u00fcr den Inhalt der \u00fcber einen Hotlink zu erreichenden Seiten \u00fcbernehmen wir keine Verantwortung. Urheberrecht und Nachdruckgenehmigung Falls nicht anders angegeben, unterliegen alle Seiten des Web-Angebotes der Gewerkschaft der <a class=\"more-link\" href=\"https:\/\/kg-koblenz.gdpbundespolizeikoblenz.de\/?page_id=34\">Continue Reading<span class=\"screen-reader-text\">Impressum<\/span><span class=\"meta-nav\">&rarr;<\/span><\/a><\/p>\n","protected":false},"author":1,"featured_media":0,"parent":0,"menu_order":6,"comment_status":"closed","ping_status":"closed","template":"","meta":{"footnotes":""},"class_list":["post-34","page","type-page","status-publish","hentry"],"_links":{"self":[{"href":"https:\/\/kg-koblenz.gdpbundespolizeikoblenz.de\/index.php?rest_route=\/wp\/v2\/pages\/34","targetHints":{"allow":["GET"]}}],"collection":[{"href":"https:\/\/kg-koblenz.gdpbundespolizeikoblenz.de\/index.php?rest_route=\/wp\/v2\/pages"}],"about":[{"href":"https:\/\/kg-koblenz.gdpbundespolizeikoblenz.de\/index.php?rest_route=\/wp\/v2\/types\/page"}],"author":[{"embeddable":true,"href":"https:\/\/kg-koblenz.gdpbundespolizeikoblenz.de\/index.php?rest_route=\/wp\/v2\/users\/1"}],"replies":[{"embeddable":true,"href":"https:\/\/kg-koblenz.gdpbundespolizeikoblenz.de\/index.php?rest_route=%2Fwp%2Fv2%2Fcomments&post=34"}],"version-history":[{"count":4,"href":"https:\/\/kg-koblenz.gdpbundespolizeikoblenz.de\/index.php?rest_route=\/wp\/v2\/pages\/34\/revisions"}],"predecessor-version":[{"id":680,"href":"https:\/\/kg-koblenz.gdpbundespolizeikoblenz.de\/index.php?rest_route=\/wp\/v2\/pages\/34\/revisions\/680"}],"wp:attachment":[{"href":"https:\/\/kg-koblenz.gdpbundespolizeikoblenz.de\/index.php?rest_route=%2Fwp%2Fv2%2Fmedia&parent=34"}],"curies":[{"name":"wp","href":"https:\/\/api.w.org\/{rel}","templated":true}]}}