{"id":21,"date":"2017-02-17T11:18:07","date_gmt":"2017-02-17T11:18:07","guid":{"rendered":"http:\/\/kg-koblenz.gdpbundespolizeikoblenz.de\/?page_id=21"},"modified":"2017-02-17T19:46:51","modified_gmt":"2017-02-17T19:46:51","slug":"verhaltensgrundsaetze-bei-regressmassnahmen","status":"publish","type":"page","link":"https:\/\/kg-koblenz.gdpbundespolizeikoblenz.de\/?page_id=21","title":{"rendered":"Verhaltensgrunds\u00e4tze bei Regressma\u00dfnahmen"},"content":{"rendered":"<div class=\"entry-content\">\n<p class=\"storycontent\"><strong>Wichtige Verhaltensgrunds\u00e4tze bei Dienst-Kfz-Unf\u00e4llen und<br \/>\nAbhandenkommenssch\u00e4den<\/strong><\/p>\n<p>Auf keinen Fall d\u00fcrfen vorab Zahlungen geleistet werden! Es darf auch kein Schuldanerkenntnis unterschrieben werden. Die Versicherung \u00fcbernimmt dann keinerlei Schadensersatz!<\/p>\n<p>Kopie der Unfallmeldung\/Abhandenkommensmeldung die an den Dienstherrn geht, sofort an die GdP \u2013Bezirk Bundespolizei \u2013, Forststr. 3 a, 40721 Hilden zwecks Weiterleitung an die Versicherung!<\/p>\n<p>Beteiligung der Personalvertretung beantragen!<\/p>\n<p>Bei Erhalt eines origin\u00e4ren Leistungsbescheides bzw. Schadensersatzforderungen gem. \u00a7 11 a MTArb i.V. m. \u00a7 78 BBG sofort schriftlich Widerspruch einlegen.<\/p>\n<p><strong>ACHTUNG: Die Widerspruchsfrist betr\u00e4gt jeweils 1 Monat!<br \/>\n<\/strong><\/p>\n<p>Gesamten Schriftverkehr immer in Kopie an den Bezirk Bundespolizei !<\/p>\n<p>F\u00fcr eventuelle R\u00fcckfragen stehen wir selbstverst\u00e4ndlich auch telefonisch unter 0261-399 4700\u00a0oder in dringenden F\u00e4llen direkt der GdP-Bezirk Bundespolizei unter 0211-7104512 zur Verf\u00fcgung.<\/p>\n<\/div>\n","protected":false},"excerpt":{"rendered":"<p>Wichtige Verhaltensgrunds\u00e4tze bei Dienst-Kfz-Unf\u00e4llen und Abhandenkommenssch\u00e4den Auf keinen Fall d\u00fcrfen vorab Zahlungen geleistet werden! Es darf auch kein Schuldanerkenntnis unterschrieben werden. Die Versicherung \u00fcbernimmt dann keinerlei Schadensersatz! Kopie der Unfallmeldung\/Abhandenkommensmeldung die an den Dienstherrn geht, sofort an die GdP \u2013Bezirk <a class=\"more-link\" href=\"https:\/\/kg-koblenz.gdpbundespolizeikoblenz.de\/?page_id=21\">Continue Reading<span class=\"screen-reader-text\">Verhaltensgrunds\u00e4tze bei Regressma\u00dfnahmen<\/span><span class=\"meta-nav\">&rarr;<\/span><\/a><\/p>\n","protected":false},"author":1,"featured_media":0,"parent":15,"menu_order":2,"comment_status":"closed","ping_status":"closed","template":"","meta":{"footnotes":""},"class_list":["post-21","page","type-page","status-publish","hentry"],"_links":{"self":[{"href":"https:\/\/kg-koblenz.gdpbundespolizeikoblenz.de\/index.php?rest_route=\/wp\/v2\/pages\/21","targetHints":{"allow":["GET"]}}],"collection":[{"href":"https:\/\/kg-koblenz.gdpbundespolizeikoblenz.de\/index.php?rest_route=\/wp\/v2\/pages"}],"about":[{"href":"https:\/\/kg-koblenz.gdpbundespolizeikoblenz.de\/index.php?rest_route=\/wp\/v2\/types\/page"}],"author":[{"embeddable":true,"href":"https:\/\/kg-koblenz.gdpbundespolizeikoblenz.de\/index.php?rest_route=\/wp\/v2\/users\/1"}],"replies":[{"embeddable":true,"href":"https:\/\/kg-koblenz.gdpbundespolizeikoblenz.de\/index.php?rest_route=%2Fwp%2Fv2%2Fcomments&post=21"}],"version-history":[{"count":2,"href":"https:\/\/kg-koblenz.gdpbundespolizeikoblenz.de\/index.php?rest_route=\/wp\/v2\/pages\/21\/revisions"}],"predecessor-version":[{"id":88,"href":"https:\/\/kg-koblenz.gdpbundespolizeikoblenz.de\/index.php?rest_route=\/wp\/v2\/pages\/21\/revisions\/88"}],"up":[{"embeddable":true,"href":"https:\/\/kg-koblenz.gdpbundespolizeikoblenz.de\/index.php?rest_route=\/wp\/v2\/pages\/15"}],"wp:attachment":[{"href":"https:\/\/kg-koblenz.gdpbundespolizeikoblenz.de\/index.php?rest_route=%2Fwp%2Fv2%2Fmedia&parent=21"}],"curies":[{"name":"wp","href":"https:\/\/api.w.org\/{rel}","templated":true}]}}