{"id":19,"date":"2017-02-17T11:17:25","date_gmt":"2017-02-17T11:17:25","guid":{"rendered":"http:\/\/kg-koblenz.gdpbundespolizeikoblenz.de\/?page_id=19"},"modified":"2017-02-17T19:46:01","modified_gmt":"2017-02-17T19:46:01","slug":"kontaktdaten-dgb-rechtsschutz","status":"publish","type":"page","link":"https:\/\/kg-koblenz.gdpbundespolizeikoblenz.de\/?page_id=19","title":{"rendered":"Kontaktdaten DGB Rechtsschutz"},"content":{"rendered":"<h3>BUNDESLAND<\/h3>\n<p id=\"list-headline\"><strong>Hessen<\/strong><\/p>\n<div class=\"buero-list-element\">\n<div class=\"buero-ort\"><a href=\"http:\/\/www.dgbrechtsschutz.de\/wir\/vor-ort\/frankfurt\/\">Frankfurt<\/a><\/div>\n<\/div>\n<div class=\"buero-list-element\">\n<div class=\"clear\"><\/div>\n<table class=\"table-vorort\">\n<tbody>\n<tr>\n<td id=\"first-column\">B\u00fcro Frankfurt am Main<\/td>\n<td>Telefon: (069) 27300580-81<\/td>\n<\/tr>\n<tr>\n<td id=\"first-column\">Wilhelm-Leuschner-Str. 69-77<\/td>\n<td>Fax: (069) 27300516<\/td>\n<\/tr>\n<tr>\n<td id=\"first-column\">60329 Frankfurt<\/td>\n<td><a class=\"smarterwiki-linkify\" href=\"mailto:Frankfurt@dgbrechtsschutz.de\">Frankfurt@dgbrechtsschutz.de<\/a><\/td>\n<\/tr>\n<\/tbody>\n<\/table>\n<\/div>\n<div class=\"buero-list-element\">\n<div class=\"buero-ort\"><\/div>\n<\/div>\n<div class=\"buero-list-element\"><\/div>\n<div class=\"buero-list-element\">\n<h3>BUNDESLAND<\/h3>\n<p id=\"list-headline\">Rheinland-Pfalz<\/p>\n<div class=\"buero-list-element\"><\/div>\n<div class=\"buero-list-element\">\n<div class=\"clear\"><a href=\"http:\/\/www.dgbrechtsschutz.de\/wir\/vor-ort\/koblenz\/\">Koblenz<\/a><\/div>\n<\/div>\n<div class=\"buero-list-element\">\n<div class=\"clear\"><\/div>\n<table class=\"table-vorort\">\n<tbody>\n<tr>\n<td id=\"first-column\">B\u00fcro Koblenz<\/td>\n<td>Telefon: (0261) 1333990<\/td>\n<\/tr>\n<tr>\n<td id=\"first-column\">Schlo\u00dfstr. 37<\/td>\n<td>Fax: (0261) 13339920<\/td>\n<\/tr>\n<tr>\n<td id=\"first-column\">56068 Koblenz<\/td>\n<td><a class=\"smarterwiki-linkify\" href=\"mailto:Koblenz@dgbrechtsschutz.de\">Koblenz@dgbrechtsschutz.de<\/a><\/td>\n<\/tr>\n<\/tbody>\n<\/table>\n<\/div>\n<div class=\"buero-list-element\"><\/div>\n<div class=\"buero-list-element\"><\/div>\n<div class=\"buero-list-element\">\n<div class=\"clear\"><\/div>\n<h3 class=\"clear\">BUNDESLAND<\/h3>\n<\/div>\n<p id=\"list-headline\">Saarland<\/p>\n<div class=\"buero-list-element\">\n<div class=\"buero-ort\"><a href=\"http:\/\/www.dgbrechtsschutz.de\/wir\/vor-ort\/saarbruecken\/\">Saarbr\u00fccken<\/a><\/div>\n<div class=\"clear\"><\/div>\n<table class=\"table-vorort\" width=\"688\">\n<tbody>\n<tr>\n<td id=\"first-column\">B\u00fcro Saarbr\u00fccken<\/td>\n<td>Telefon: (0681) 947950<\/td>\n<\/tr>\n<tr>\n<td id=\"first-column\">Fritz-Dobisch-Str. 5<\/td>\n<td>Fax: (0681) 9479566<\/td>\n<\/tr>\n<tr>\n<td id=\"first-column\">66111 Saarbr\u00fccken<\/td>\n<td><a class=\"smarterwiki-linkify\" href=\"mailto:Saarbruecken@dgbrechtsschutz.de\">Saarbruecken@dgbrechtsschutz.de<\/a><\/td>\n<\/tr>\n<\/tbody>\n<\/table>\n<\/div>\n<\/div>\n","protected":false},"excerpt":{"rendered":"<p>BUNDESLAND Hessen Frankfurt B\u00fcro Frankfurt am Main Telefon: (069) 27300580-81 Wilhelm-Leuschner-Str. 69-77 Fax: (069) 27300516 60329 Frankfurt Frankfurt@dgbrechtsschutz.de BUNDESLAND Rheinland-Pfalz Koblenz B\u00fcro Koblenz Telefon: (0261) 1333990 Schlo\u00dfstr. 37 Fax: (0261) 13339920 56068 Koblenz Koblenz@dgbrechtsschutz.de BUNDESLAND Saarland Saarbr\u00fccken B\u00fcro Saarbr\u00fccken Telefon: <a class=\"more-link\" href=\"https:\/\/kg-koblenz.gdpbundespolizeikoblenz.de\/?page_id=19\">Continue Reading<span class=\"screen-reader-text\">Kontaktdaten DGB Rechtsschutz<\/span><span class=\"meta-nav\">&rarr;<\/span><\/a><\/p>\n","protected":false},"author":1,"featured_media":0,"parent":15,"menu_order":1,"comment_status":"closed","ping_status":"closed","template":"","meta":{"footnotes":""},"class_list":["post-19","page","type-page","status-publish","hentry"],"_links":{"self":[{"href":"https:\/\/kg-koblenz.gdpbundespolizeikoblenz.de\/index.php?rest_route=\/wp\/v2\/pages\/19","targetHints":{"allow":["GET"]}}],"collection":[{"href":"https:\/\/kg-koblenz.gdpbundespolizeikoblenz.de\/index.php?rest_route=\/wp\/v2\/pages"}],"about":[{"href":"https:\/\/kg-koblenz.gdpbundespolizeikoblenz.de\/index.php?rest_route=\/wp\/v2\/types\/page"}],"author":[{"embeddable":true,"href":"https:\/\/kg-koblenz.gdpbundespolizeikoblenz.de\/index.php?rest_route=\/wp\/v2\/users\/1"}],"replies":[{"embeddable":true,"href":"https:\/\/kg-koblenz.gdpbundespolizeikoblenz.de\/index.php?rest_route=%2Fwp%2Fv2%2Fcomments&post=19"}],"version-history":[{"count":3,"href":"https:\/\/kg-koblenz.gdpbundespolizeikoblenz.de\/index.php?rest_route=\/wp\/v2\/pages\/19\/revisions"}],"predecessor-version":[{"id":87,"href":"https:\/\/kg-koblenz.gdpbundespolizeikoblenz.de\/index.php?rest_route=\/wp\/v2\/pages\/19\/revisions\/87"}],"up":[{"embeddable":true,"href":"https:\/\/kg-koblenz.gdpbundespolizeikoblenz.de\/index.php?rest_route=\/wp\/v2\/pages\/15"}],"wp:attachment":[{"href":"https:\/\/kg-koblenz.gdpbundespolizeikoblenz.de\/index.php?rest_route=%2Fwp%2Fv2%2Fmedia&parent=19"}],"curies":[{"name":"wp","href":"https:\/\/api.w.org\/{rel}","templated":true}]}}